{"id":3746,"date":"2024-05-03T18:26:53","date_gmt":"2024-05-03T16:26:53","guid":{"rendered":"https:\/\/vlcek.moravany.eu\/about\/"},"modified":"2025-10-29T18:46:51","modified_gmt":"2025-10-29T16:46:51","slug":"bio","status":"publish","type":"page","link":"https:\/\/roztocilova.com\/cs\/bio\/","title":{"rendered":"Bio"},"content":{"rendered":"<p>Magdal\u00e9na Rozto\u010dilov\u00e1 (*1989, Boskovice) je \u010desk\u00e1 socha\u0159ka a&nbsp;zakl\u00e1daj\u00edc\u00ed \u010dlenka Studia PR\u00c1M. Vystudovala AVU v&nbsp;Praze (Ateli\u00e9r socha\u0159stv\u00ed I \/ \u0161kola Jaroslava R\u00f3ny), absolvovala st\u00e1\u017ee u&nbsp;Kri\u0161tofa Kintery (UMPRUM) a&nbsp;Floriana Reithera (Gelitin) a&nbsp;v roce 2011 z\u00edskala Ateli\u00e9rovou cenu AVU. Dlouhodob\u011b p\u016fsob\u00ed v&nbsp;pra\u017esk\u00e9m Studiu PR\u00c1M, kde vznikaj\u00ed jak voln\u00e9 instalace, tak zak\u00e1zky do ve\u0159ejn\u00e9ho prostoru.<\/p>\n<p>Jej\u00ed pr\u00e1ce osciluje mezi figurac\u00ed a&nbsp;abstrakc\u00ed; form\u00e1ln\u011b stav\u00ed na vrstven\u00fdch \u0159ezech a&nbsp;v\u00fdrazn\u00e9m povrchu s&nbsp;d\u016frazem na barvu a&nbsp;materi\u00e1l (Acrystal, beton, sklo). Tematicky sleduje nap\u011bt\u00ed mezi t\u011blesnost\u00ed, pam\u011bt\u00ed a&nbsp;symbolickou rovinou \u2013 \u201eplamenn\u00e9\u201c konk\u00e1vn\u011b-konvexn\u00ed pr\u016f\u0159ezy popisuje jako dynamiku vnit\u0159n\u00ed energie. K&nbsp;nejzn\u00e1m\u011bj\u0161\u00edm realizac\u00edm pat\u0159\u00ed Delichorn ve ve\u0159ejn\u00e9m prostoru v&nbsp;Selbu (DE), Pam\u00e1tn\u00edk ob\u011btem komunismu v&nbsp;Boskovic\u00edch a&nbsp;busta Milady Hor\u00e1kov\u00e9 pro Plze\u0148sk\u00fd kraj; vystavovala mj. v&nbsp;National Gallery Sofia (projekt Bodily Mind, 2023) a&nbsp;d\u0159\u00edve v&nbsp;Muzeu regionu Boskovicka (Pod povrchem, 2018). V&nbsp;roce 2025 byla hostem podcastu LOOP (Prague Art Week).<\/p>\n","protected":false},"excerpt":{"rendered":"Magdal\u00e9na Rozto\u010dilov\u00e1 (*1989, Boskovice) je \u010desk\u00e1 socha\u0159ka a&nbsp;zakl\u00e1daj\u00edc\u00ed \u010dlenka Studia PR\u00c1M. Vystudovala AVU v&nbsp;Praze (Ateli\u00e9r socha\u0159stv\u00ed I \/ \u0161kola Jaroslava R\u00f3ny), absolvovala st\u00e1\u017ee u&nbsp;Kri\u0161tofa Kintery (UMPRUM) a&nbsp;Floriana Reithera (Gelitin) a&nbsp;v&nbsp;roce 2011 z\u00edskala Ateli\u00e9rovou cenu AVU. Dlouhodob\u011b p\u016fsob\u00ed v&nbsp;pra\u017esk\u00e9m Studiu PR\u00c1M, kde vznikaj\u00ed jak voln\u00e9 instalace, tak zak\u00e1zky do ve\u0159ejn\u00e9ho prostoru. Jej\u00ed pr\u00e1ce osciluje mezi [\u2026]","protected":false},"author":1,"featured_media":0,"parent":0,"menu_order":0,"comment_status":"closed","ping_status":"closed","template":"template-about.php","meta":{"_acf_changed":false,"wp_typography_post_enhancements_disabled":false,"footnotes":""},"class_list":["post-3746","page","type-page","status-publish","hentry"],"acf":[],"_links":{"self":[{"href":"https:\/\/roztocilova.com\/cs\/wp-json\/wp\/v2\/pages\/3746","targetHints":{"allow":["GET"]}}],"collection":[{"href":"https:\/\/roztocilova.com\/cs\/wp-json\/wp\/v2\/pages"}],"about":[{"href":"https:\/\/roztocilova.com\/cs\/wp-json\/wp\/v2\/types\/page"}],"author":[{"embeddable":true,"href":"https:\/\/roztocilova.com\/cs\/wp-json\/wp\/v2\/users\/1"}],"replies":[{"embeddable":true,"href":"https:\/\/roztocilova.com\/cs\/wp-json\/wp\/v2\/comments?post=3746"}],"version-history":[{"count":2,"href":"https:\/\/roztocilova.com\/cs\/wp-json\/wp\/v2\/pages\/3746\/revisions"}],"predecessor-version":[{"id":4385,"href":"https:\/\/roztocilova.com\/cs\/wp-json\/wp\/v2\/pages\/3746\/revisions\/4385"}],"wp:attachment":[{"href":"https:\/\/roztocilova.com\/cs\/wp-json\/wp\/v2\/media?parent=3746"}],"curies":[{"name":"wp","href":"https:\/\/api.w.org\/{rel}","templated":true}]}}