{"id":3754,"date":"2024-05-03T18:43:40","date_gmt":"2024-05-03T16:43:40","guid":{"rendered":"https:\/\/vlcek.moravany.eu\/contact\/"},"modified":"2025-11-07T09:10:14","modified_gmt":"2025-11-07T07:10:14","slug":"kontakt","status":"publish","type":"page","link":"https:\/\/roztocilova.com\/cs\/kontakt\/","title":{"rendered":"Kontakt"},"content":{"rendered":"<p>Magdal\u00e9na Rozto\u010dilov\u00e1<br>\nTel.: <a href=\"tel:+420721604740\">+420 721 604 740<\/a><br>\nE\u2013mail: <a href=\"mailto:magdalena@roztocilova.com\">magdalena@roztocilova.com<\/a><br>\nFB: <a href=\"https:\/\/www.facebook.com\/magdalenaroztocilovasculpture\" rel=\"nofollow noopener\" target=\"_blank\">facebook.com\/magdalenaroztocilovasculpture<\/a><br>\nINSTA: <a href=\"https:\/\/www.instagram.com\/magdalenaroztocilovasculpture\" rel=\"nofollow noopener\" target=\"_blank\">instagram.com\/magdalenaroztocilovasculpture<\/a><\/p>\n","protected":false},"excerpt":{"rendered":"Magdal\u00e9na Rozto\u010dilov\u00e1 Tel.: +420 721 604 740&nbsp;E\u2013mail: magdalena@roztocilova.com FB: facebook.com\/magdalenaroztocilovasculpture INSTA: instagram.com\/magdalenaroztocilovasculpture","protected":false},"author":1,"featured_media":0,"parent":0,"menu_order":0,"comment_status":"closed","ping_status":"closed","template":"template-contact.php","meta":{"_acf_changed":false,"wp_typography_post_enhancements_disabled":false,"footnotes":""},"class_list":["post-3754","page","type-page","status-publish","hentry"],"acf":[],"_links":{"self":[{"href":"https:\/\/roztocilova.com\/cs\/wp-json\/wp\/v2\/pages\/3754","targetHints":{"allow":["GET"]}}],"collection":[{"href":"https:\/\/roztocilova.com\/cs\/wp-json\/wp\/v2\/pages"}],"about":[{"href":"https:\/\/roztocilova.com\/cs\/wp-json\/wp\/v2\/types\/page"}],"author":[{"embeddable":true,"href":"https:\/\/roztocilova.com\/cs\/wp-json\/wp\/v2\/users\/1"}],"replies":[{"embeddable":true,"href":"https:\/\/roztocilova.com\/cs\/wp-json\/wp\/v2\/comments?post=3754"}],"version-history":[{"count":4,"href":"https:\/\/roztocilova.com\/cs\/wp-json\/wp\/v2\/pages\/3754\/revisions"}],"predecessor-version":[{"id":4582,"href":"https:\/\/roztocilova.com\/cs\/wp-json\/wp\/v2\/pages\/3754\/revisions\/4582"}],"wp:attachment":[{"href":"https:\/\/roztocilova.com\/cs\/wp-json\/wp\/v2\/media?parent=3754"}],"curies":[{"name":"wp","href":"https:\/\/api.w.org\/{rel}","templated":true}]}}