{"id":3760,"date":"2024-04-02T13:01:21","date_gmt":"2024-04-02T11:01:21","guid":{"rendered":"https:\/\/vlcek.moravany.eu\/vladimir-houdek\/"},"modified":"2025-10-31T11:33:23","modified_gmt":"2025-10-31T09:33:23","slug":"vladimir-houdek","status":"publish","type":"page","link":"https:\/\/roztocilova.com\/cs\/","title":{"rendered":"Magdal\u00e9na Rozto\u010dilov\u00e1"},"content":{"rendered":"<p>Magdal\u00e9na Rozto\u010dilov\u00e1 (*1989, Boskovice) je \u010desk\u00e1 socha\u0159ka a&nbsp;spoluzakladatelka Studia PR\u00c1M. Vystudovala malbu a&nbsp;socha\u0159stv\u00ed na AVU v&nbsp;ateli\u00e9ru Jaroslava R\u00f3ny, absolvovala st\u00e1\u017ee u&nbsp;Kri\u0161tofa Kintery a&nbsp;Floriana Reithera (Gelitin). Jej\u00ed pr\u00e1ce plyne mezi figurac\u00ed a&nbsp;abstrakc\u00ed; typick\u00e9 jsou vrstven\u00e9, \u201eplamenn\u00e9\u201c \u0159ezy a&nbsp;d\u016fraz na barvu a&nbsp;materi\u00e1l (mj. akrystal, beton, st\u0159epy skla).<\/p>\n<p>Realizovala mimo jin\u00e9 plastiku <strong data-start=\"485\" data-end=\"498\">Delichorn<\/strong> v&nbsp;Selbu (DE) a&nbsp;<strong data-start=\"514\" data-end=\"543\">Pam\u00e1tn\u00edk ob\u011btem komunismu<\/strong> v&nbsp;Boskovic\u00edch; vystavovala doma i&nbsp;v zahrani\u010d\u00ed (nap\u0159. projekt <em data-start=\"605\" data-end=\"618\">Bodily Mind<\/em> v&nbsp;National Gallery Sofia, \u00fa\u010dast v&nbsp;programu Prague Art Week).<\/p>\n","protected":false},"excerpt":{"rendered":"Magdal\u00e9na Rozto\u010dilov\u00e1 (*1989, Boskovice) je \u010desk\u00e1 socha\u0159ka a&nbsp;spoluzakladatelka Studia PR\u00c1M. Vystudovala malbu a&nbsp;socha\u0159stv\u00ed na AVU v&nbsp;ateli\u00e9ru Jaroslava R\u00f3ny, absolvovala st\u00e1\u017ee u&nbsp;Kri\u0161tofa Kintery a&nbsp;Floriana Reithera (Gelitin). Jej\u00ed pr\u00e1ce plyne mezi figurac\u00ed a&nbsp;abstrakc\u00ed; typick\u00e9 jsou vrstven\u00e9, \u201eplamenn\u00e9\u201c \u0159ezy a&nbsp;d\u016fraz na barvu a&nbsp;materi\u00e1l (mj. akrystal, beton, st\u0159epy skla). Realizovala mimo jin\u00e9 plastiku Delichorn v&nbsp;Selbu (DE) a&nbsp;Pam\u00e1tn\u00edk ob\u011btem komunismu [\u2026]","protected":false},"author":1,"featured_media":0,"parent":0,"menu_order":0,"comment_status":"closed","ping_status":"closed","template":"template-homepage.php","meta":{"_acf_changed":false,"wp_typography_post_enhancements_disabled":false,"footnotes":""},"class_list":["post-3760","page","type-page","status-publish","hentry"],"acf":[],"_links":{"self":[{"href":"https:\/\/roztocilova.com\/cs\/wp-json\/wp\/v2\/pages\/3760","targetHints":{"allow":["GET"]}}],"collection":[{"href":"https:\/\/roztocilova.com\/cs\/wp-json\/wp\/v2\/pages"}],"about":[{"href":"https:\/\/roztocilova.com\/cs\/wp-json\/wp\/v2\/types\/page"}],"author":[{"embeddable":true,"href":"https:\/\/roztocilova.com\/cs\/wp-json\/wp\/v2\/users\/1"}],"replies":[{"embeddable":true,"href":"https:\/\/roztocilova.com\/cs\/wp-json\/wp\/v2\/comments?post=3760"}],"version-history":[{"count":7,"href":"https:\/\/roztocilova.com\/cs\/wp-json\/wp\/v2\/pages\/3760\/revisions"}],"predecessor-version":[{"id":4556,"href":"https:\/\/roztocilova.com\/cs\/wp-json\/wp\/v2\/pages\/3760\/revisions\/4556"}],"wp:attachment":[{"href":"https:\/\/roztocilova.com\/cs\/wp-json\/wp\/v2\/media?parent=3760"}],"curies":[{"name":"wp","href":"https:\/\/api.w.org\/{rel}","templated":true}]}}